{"id":98,"date":"2021-03-03T08:12:36","date_gmt":"2021-03-03T08:12:36","guid":{"rendered":"http:\/\/13.53.168.182\/?page_id=98"},"modified":"2021-04-21T07:45:44","modified_gmt":"2021-04-21T07:45:44","slug":"vara-produkter","status":"publish","type":"page","link":"https:\/\/innoware.se\/en\/vara-produkter\/","title":{"rendered":"Products"},"content":{"rendered":"<div class=\"wp-block-group\"><div class=\"wp-block-group__inner-container is-layout-flow wp-block-group-is-layout-flow\">\n<div class=\"wp-block-columns is-layout-flex wp-container-core-columns-is-layout-9d6595d7 wp-block-columns-is-layout-flex\">\n<div class=\"wp-block-column is-layout-flow wp-block-column-is-layout-flow\">\n<p>Lite av vad vi utvecklar och producerar. Vi hj\u00e4lper er g\u00e4rna med att utveckla en elcentral som passar just era maskiner perfekt, allt f\u00f6r att g\u00f6ra er montering &amp; produktion s\u00e5 enkel och smidig som m\u00f6jligt. Det beh\u00f6ver inte kosta skjortan s\u00e5 tveka inte att kontakta oss f\u00f6r mer info.<\/p>\n\n\n\n<hr class=\"wp-block-separator\"\/>\n\n\n<ul class=\"wp-block-latest-posts__list is-grid columns-4 wp-block-latest-posts\"><li><div class=\"wp-block-latest-posts__featured-image\"><a href=\"https:\/\/innoware.se\/en\/2021\/04\/21\/xbb-configurator-till-ios\/\" aria-label=\"XBB Configurator till iOS!\"><img loading=\"lazy\" decoding=\"async\" width=\"1024\" height=\"570\" src=\"https:\/\/innoware.se\/wp-content\/uploads\/2021\/04\/XBB2-1024x570.png\" class=\"attachment-column1-1\/2 size-column1-1\/2 wp-post-image\" alt=\"\" style=\"\" \/><\/a><\/div><a class=\"wp-block-latest-posts__post-title\" href=\"https:\/\/innoware.se\/en\/2021\/04\/21\/xbb-configurator-till-ios\/\">XBB Configurator till iOS!<\/a><div class=\"wp-block-latest-posts__post-excerpt\">iPhoneanv\u00e4ndare, se hit!<\/div><\/li>\n<li><div class=\"wp-block-latest-posts__featured-image\"><a href=\"https:\/\/innoware.se\/en\/2021\/03\/03\/fusebox\/\" aria-label=\"P\u00e5byggarbox\"><img loading=\"lazy\" decoding=\"async\" width=\"1140\" height=\"570\" src=\"https:\/\/innoware.se\/wp-content\/uploads\/2021\/04\/20210407_131701-1140x570.jpg\" class=\"attachment-column1-1\/2 size-column1-1\/2 wp-post-image\" alt=\"\" style=\"\" srcset=\"https:\/\/innoware.se\/wp-content\/uploads\/2021\/04\/20210407_131701-1140x570.jpg 1140w, https:\/\/innoware.se\/wp-content\/uploads\/2021\/04\/20210407_131701-16x9.jpg 16w, https:\/\/innoware.se\/wp-content\/uploads\/2021\/04\/20210407_131701-570x285.jpg 570w, https:\/\/innoware.se\/wp-content\/uploads\/2021\/04\/20210407_131701-380x190.jpg 380w, https:\/\/innoware.se\/wp-content\/uploads\/2021\/04\/20210407_131701-285x143.jpg 285w\" sizes=\"auto, (max-width: 1140px) 100vw, 1140px\" \/><\/a><\/div><a class=\"wp-block-latest-posts__post-title\" href=\"https:\/\/innoware.se\/en\/2021\/03\/03\/fusebox\/\">P\u00e5byggarbox<\/a><div class=\"wp-block-latest-posts__post-excerpt\">Elcentral med DT anslutningar f\u00f6r p\u00e5byggare.<\/div><\/li>\n<li><div class=\"wp-block-latest-posts__featured-image\"><a href=\"https:\/\/innoware.se\/en\/2021\/03\/03\/relaybox\/\" aria-label=\"Relaybox\"><img loading=\"lazy\" decoding=\"async\" width=\"1140\" height=\"570\" src=\"https:\/\/innoware.se\/wp-content\/uploads\/2021\/04\/20210407_144246-1140x570.jpg\" class=\"attachment-column1-1\/2 size-column1-1\/2 wp-post-image\" alt=\"\" style=\"\" srcset=\"https:\/\/innoware.se\/wp-content\/uploads\/2021\/04\/20210407_144246-1140x570.jpg 1140w, https:\/\/innoware.se\/wp-content\/uploads\/2021\/04\/20210407_144246-16x9.jpg 16w, https:\/\/innoware.se\/wp-content\/uploads\/2021\/04\/20210407_144246-570x285.jpg 570w, https:\/\/innoware.se\/wp-content\/uploads\/2021\/04\/20210407_144246-380x190.jpg 380w, https:\/\/innoware.se\/wp-content\/uploads\/2021\/04\/20210407_144246-285x143.jpg 285w\" sizes=\"auto, (max-width: 1140px) 100vw, 1140px\" \/><\/a><\/div><a class=\"wp-block-latest-posts__post-title\" href=\"https:\/\/innoware.se\/en\/2021\/03\/03\/relaybox\/\">Relaybox<\/a><div class=\"wp-block-latest-posts__post-excerpt\">Elcentral i robust aluminiumkapsling f\u00f6r p\u00e5byggare.<\/div><\/li>\n<li><div class=\"wp-block-latest-posts__featured-image\"><a href=\"https:\/\/innoware.se\/en\/2021\/03\/03\/fusebox-mini\/\" aria-label=\"FUSEBOX &#8211; mini\"><img loading=\"lazy\" decoding=\"async\" width=\"1140\" height=\"570\" src=\"https:\/\/innoware.se\/wp-content\/uploads\/2021\/04\/20210407_132242-1140x570.jpg\" class=\"attachment-column1-1\/2 size-column1-1\/2 wp-post-image\" alt=\"\" style=\"\" srcset=\"https:\/\/innoware.se\/wp-content\/uploads\/2021\/04\/20210407_132242-1140x570.jpg 1140w, https:\/\/innoware.se\/wp-content\/uploads\/2021\/04\/20210407_132242-16x9.jpg 16w, https:\/\/innoware.se\/wp-content\/uploads\/2021\/04\/20210407_132242-570x285.jpg 570w, https:\/\/innoware.se\/wp-content\/uploads\/2021\/04\/20210407_132242-380x190.jpg 380w, https:\/\/innoware.se\/wp-content\/uploads\/2021\/04\/20210407_132242-285x143.jpg 285w\" sizes=\"auto, (max-width: 1140px) 100vw, 1140px\" \/><\/a><\/div><a class=\"wp-block-latest-posts__post-title\" href=\"https:\/\/innoware.se\/en\/2021\/03\/03\/fusebox-mini\/\">FUSEBOX &#8211; mini<\/a><div class=\"wp-block-latest-posts__post-excerpt\">Elcentral i miniformat f\u00f6r mindre maskiner med f\u00e4rre funktioner.<\/div><\/li>\n<li><div class=\"wp-block-latest-posts__featured-image\"><a href=\"https:\/\/innoware.se\/en\/2021\/03\/03\/xbb-dongle-xbb-powerunit\/\" aria-label=\"XBB DONGLE\u00ae &#038; XBB POWERUNIT\u00ae\"><img loading=\"lazy\" decoding=\"async\" width=\"1140\" height=\"570\" src=\"https:\/\/innoware.se\/wp-content\/uploads\/2021\/03\/Website-Header-1-1140x570.png\" class=\"attachment-column1-1\/2 size-column1-1\/2 wp-post-image\" alt=\"\" style=\"\" srcset=\"https:\/\/innoware.se\/wp-content\/uploads\/2021\/03\/Website-Header-1-1140x570.png 1140w, https:\/\/innoware.se\/wp-content\/uploads\/2021\/03\/Website-Header-1-570x285.png 570w, https:\/\/innoware.se\/wp-content\/uploads\/2021\/03\/Website-Header-1-380x190.png 380w, https:\/\/innoware.se\/wp-content\/uploads\/2021\/03\/Website-Header-1-285x143.png 285w\" sizes=\"auto, (max-width: 1140px) 100vw, 1140px\" \/><\/a><\/div><a class=\"wp-block-latest-posts__post-title\" href=\"https:\/\/innoware.se\/en\/2021\/03\/03\/xbb-dongle-xbb-powerunit\/\">XBB DONGLE\u00ae &#038; XBB POWERUNIT\u00ae<\/a><div class=\"wp-block-latest-posts__post-excerpt\">Enklare blir det inte att koppla fordonsbelysning!<\/div><\/li>\n<li><div class=\"wp-block-latest-posts__featured-image\"><a href=\"https:\/\/innoware.se\/en\/2021\/03\/03\/test\/\" aria-label=\"XBB LIGHTSWITCH\u00ae\"><img loading=\"lazy\" decoding=\"async\" width=\"1140\" height=\"570\" src=\"https:\/\/innoware.se\/wp-content\/uploads\/2021\/03\/XBB-Ver-4-OFFICIELL-Square--1140x570.jpg\" class=\"attachment-column1-1\/2 size-column1-1\/2 wp-post-image\" alt=\"\" style=\"\" srcset=\"https:\/\/innoware.se\/wp-content\/uploads\/2021\/03\/XBB-Ver-4-OFFICIELL-Square--1140x570.jpg 1140w, https:\/\/innoware.se\/wp-content\/uploads\/2021\/03\/XBB-Ver-4-OFFICIELL-Square--570x285.jpg 570w, https:\/\/innoware.se\/wp-content\/uploads\/2021\/03\/XBB-Ver-4-OFFICIELL-Square--380x190.jpg 380w, https:\/\/innoware.se\/wp-content\/uploads\/2021\/03\/XBB-Ver-4-OFFICIELL-Square--285x143.jpg 285w\" sizes=\"auto, (max-width: 1140px) 100vw, 1140px\" \/><\/a><\/div><a class=\"wp-block-latest-posts__post-title\" href=\"https:\/\/innoware.se\/en\/2021\/03\/03\/test\/\">XBB LIGHTSWITCH\u00ae<\/a><div class=\"wp-block-latest-posts__post-excerpt\">Koppla in extraljus p\u00e5 bilar med halogen eller Bi-xenonstr\u00e5lkastare.<\/div><\/li>\n<\/ul><\/div>\n<\/div>\n<\/div><\/div>","protected":false},"excerpt":{"rendered":"<p>Lite av vad vi utvecklar och producerar. Vi hj\u00e4lper er g\u00e4rna med att utveckla en elcentral som passar just era maskiner perfekt, allt f\u00f6r att g\u00f6ra er montering &amp; produktion s\u00e5 enkel och smidig som m\u00f6jligt. Det beh\u00f6ver inte kosta skjortan s\u00e5 tveka inte att kontakta oss f\u00f6r mer info.<\/p>","protected":false},"author":1,"featured_media":0,"parent":0,"menu_order":0,"comment_status":"closed","ping_status":"closed","template":"","meta":{"footnotes":""},"categories":[],"tags":[],"class_list":["post-98","page","type-page","status-publish","hentry"],"blog_post_layout_featured_media_urls":{"thumbnail":"","full":""},"categories_names":null,"comments_number":"0","_links":{"self":[{"href":"https:\/\/innoware.se\/en\/wp-json\/wp\/v2\/pages\/98","targetHints":{"allow":["GET"]}}],"collection":[{"href":"https:\/\/innoware.se\/en\/wp-json\/wp\/v2\/pages"}],"about":[{"href":"https:\/\/innoware.se\/en\/wp-json\/wp\/v2\/types\/page"}],"author":[{"embeddable":true,"href":"https:\/\/innoware.se\/en\/wp-json\/wp\/v2\/users\/1"}],"replies":[{"embeddable":true,"href":"https:\/\/innoware.se\/en\/wp-json\/wp\/v2\/comments?post=98"}],"version-history":[{"count":30,"href":"https:\/\/innoware.se\/en\/wp-json\/wp\/v2\/pages\/98\/revisions"}],"predecessor-version":[{"id":450,"href":"https:\/\/innoware.se\/en\/wp-json\/wp\/v2\/pages\/98\/revisions\/450"}],"wp:attachment":[{"href":"https:\/\/innoware.se\/en\/wp-json\/wp\/v2\/media?parent=98"}],"wp:term":[{"taxonomy":"category","embeddable":true,"href":"https:\/\/innoware.se\/en\/wp-json\/wp\/v2\/categories?post=98"},{"taxonomy":"post_tag","embeddable":true,"href":"https:\/\/innoware.se\/en\/wp-json\/wp\/v2\/tags?post=98"}],"curies":[{"name":"wp","href":"https:\/\/api.w.org\/{rel}","templated":true}]}}